{"id":22,"date":"2021-11-26T23:57:20","date_gmt":"2021-11-26T22:57:20","guid":{"rendered":"https:\/\/przyjaznydomek.com.pl\/przedszkole2\/?page_id=22"},"modified":"2021-11-26T23:57:20","modified_gmt":"2021-11-26T22:57:20","slug":"polityka-cookies","status":"publish","type":"page","link":"https:\/\/przyjaznydomek.com.pl\/przedszkole2\/polityka-cookies\/","title":{"rendered":"Polityka cookies"},"content":{"rendered":"\n<p>Czym s\u0105 cookies?<br>Cookies to dane informatyczne, zw\u0142aszcza niewielkie pliki tekstowe, zapisywane i przechowywane na urz\u0105dzeniach, za pomoc\u0105 kt\u00f3rych korzystasz z naszych serwis\u00f3w.<\/p>\n\n\n\n<p>Cookies administratora to nasze cookies, kt\u00f3re wi\u0105\u017c\u0105 si\u0119 ze \u015bwiadczeniem przez nas us\u0142ug drog\u0105 elektroniczn\u0105 za po\u015brednictwem naszych serwis\u00f3w.<\/p>\n\n\n\n<p>Cookies zewn\u0119trzne to cookies naszych partner\u00f3w, kt\u00f3re wi\u0105\u017c\u0105 si\u0119 z korzystaniem przez nich ze strony internetowej naszego serwisu.<\/p>\n\n\n\n<p>Jak u\u017cywamy cookies?<br>Wykorzystujemy dwa typy cookies:<\/p>\n\n\n\n<p>cookies sesyjne \u2013 kt\u00f3re s\u0105 przechowywane na Twoim urz\u0105dzeniu i pozostaj\u0105 tam do momentu zako\u0144czenia sesji danej przegl\u0105darki. Zapisane informacje s\u0105 w\u00f3wczas trwale usuwane z pami\u0119ci urz\u0105dzenia. Mechanizm cookies sesyjnych nie pozwala na pobieranie jakichkolwiek danych osobowych ani \u017cadnych informacji poufnych z Twojego urz\u0105dzenia;<br>cookies trwa\u0142e \u2013 kt\u00f3re s\u0105 przechowywane na Twoim urz\u0105dzeniu i pozostaj\u0105 tam, dop\u00f3ki je skasujesz. Zako\u0144czenie sesji danej przegl\u0105darki lub wy\u0142\u0105czenie urz\u0105dzenia nie powoduje ich usuni\u0119cia z tego urz\u0105dzenia. Mechanizm cookies trwa\u0142ych nie pozwala na pobieranie jakichkolwiek danych osobowych ani \u017cadnych informacji poufnych z Twojego urz\u0105dzenia. Trwa\u0142ych cookies u\u017cywamy, aby przechowywa\u0107:<br>informacje o stronie startowej, kt\u00f3r\u0105 preferujesz,<br>informacje o Twoich ulubionych produktach.<br>U\u017cywamy zar\u00f3wno naszych cookies, jak i cookies podmiot\u00f3w zewn\u0119trznych, aby gromadzi\u0107 statystyki oraz dane Twoje i innych u\u017cytkownik\u00f3w w formie zagregowanej oraz indywidualnej. Korzystamy przy tym z narz\u0119dzi analitycznych, dzi\u0119ki kt\u00f3rym mo\u017cemy optymalizowa\u0107 nasz\u0105 stron\u0119 i przedstawia\u0107 ofert\u0119 interesuj\u0105c\u0105 dla Ciebie.<\/p>\n\n\n\n<p>U\u017cywamy tak\u017ce zewn\u0119trznych cookies, kt\u00f3re monitoruj\u0105 to, jak korzystasz z innych witryn. Dzi\u0119ki temu mo\u017cemy udost\u0119pnia\u0107 nasze materia\u0142y marketingowe na innych stronach i w r\u00f3\u017cnych kana\u0142ach komunikacji.<\/p>\n\n\n\n<p>Dlaczego wykorzystujemy cookies?<br>Poni\u017cej znajdziesz informacje o tym, co robimy przy u\u017cyciu cookies, aby u\u0142atwi\u0107 Ci korzystanie z naszego serwisu.<\/p>\n\n\n\n<ol class=\"wp-block-list\"><li>Konfigurujemy serwis.<br>Cookies wykorzystujemy, aby:<\/li><\/ol>\n\n\n\n<ul class=\"wp-block-list\"><li>dostosowa\u0107 zawarto\u015b\u0107 stron internetowych serwisu do Twoich preferencji oraz optymalizowa\u0107 korzystanie z tych stron;<\/li><li>rozpoznawa\u0107 Twoje urz\u0105dzenie oraz je lokalizowa\u0107 i wy\u015bwietla\u0107 stron\u0119 internetow\u0105 dostosowan\u0105 do Twoich potrzeb;<\/li><li>zapami\u0119tywa\u0107 wybrane przez Ciebie ustawienia i personalizowa\u0107 interfejs u\u017cytkownika, np. w zakresie wybranego j\u0119zyka lub regionu, z kt\u00f3rego pochodzisz;<\/li><li><\/li><\/ul>\n\n\n\n<ol class=\"wp-block-list\" start=\"2\"><li>Uwierzytelniamy Ci\u0119 w serwisie i zapewniamy Ci sesj\u0119 w serwisie.<br>Cookies wykorzystujemy, aby:<\/li><\/ol>\n\n\n\n<ul class=\"wp-block-list\"><li>utrzyma\u0107 Twoj\u0105 sesj\u0119 po zalogowaniu do serwisu \u2013 dzi\u0119ki temu nie musisz na ka\u017cdej podstronie serwisu wpisywa\u0107 loginu i has\u0142a;<\/li><li>poprawnie konfigurowa\u0107 wybrane funkcje serwisu i na przyk\u0142ad m\u00f3c sprawdzi\u0107 autentyczno\u015b\u0107 sesji przegl\u0105darki;<\/li><li>zwi\u0119ksza\u0107 wydajno\u015b\u0107 naszych us\u0142ug.<\/li><\/ul>\n\n\n\n<ol class=\"wp-block-list\" start=\"3\"><li>Realizujemy procesy niezb\u0119dne dla pe\u0142nej funkcjonalno\u015bci stron internetowych.<br>Cookies wykorzystujemy, aby:<\/li><\/ol>\n\n\n\n<ul class=\"wp-block-list\"><li>dostosowa\u0107 zawarto\u015b\u0107 stron internetowych serwisu do Twoich preferencji oraz u\u0142atwi\u0107 Ci korzystanie z tych stron \u2013 przede wszystkim rozpozna\u0107 podstawowe parametry Twojego urz\u0105dzenia i wy\u015bwietli\u0107 stron\u0119 internetow\u0105 w spos\u00f3b odpowiedni dla Ciebie;<\/li><li>poprawnie obs\u0142ugiwa\u0107 program partnerski \u2013 przede wszystkim m\u00f3c weryfikowa\u0107, sk\u0105d Ty i inni u\u017cytkownicy stron internetowych naszego serwisu jeste\u015bcie na nie przekierowywani.<\/li><\/ul>\n\n\n\n<ol class=\"wp-block-list\" start=\"4\"><li>Analizujemy, badamy i kontrolujemy ogl\u0105dalno\u015b\u0107 oraz tworzymy anonimowe statystyki odwiedzin na naszych stronach internetowych.<br>Cookies wykorzystujemy, aby ulepsza\u0107 ich struktur\u0119 i zawarto\u015b\u0107.<\/li><li>Zapewniamy bezpiecze\u0144stwo i niezawodno\u015b\u0107 serwisu.<br>Cookies wykorzystujemy, aby chroni\u0107 Ci\u0119 podczas Twoich wizyt w serwisie i u\u0142atwia\u0107 Ci poruszanie si\u0119 po nim.<\/li><\/ol>\n\n\n\n<p>Co mo\u017cesz zrobi\u0107, gdy nie chcesz cookies?<br>W ka\u017cdym momencie mo\u017cesz samodzielnie zmieni\u0107 ustawienia dotycz\u0105ce cookies i okre\u015bli\u0107 warunki, na jakich cookies s\u0105 przechowywane na Twoim urz\u0105dzeniu i uzyskuj\u0105 do niego dost\u0119p. Ustawienia dotycz\u0105ce cookies mo\u017cesz zmieni\u0107 za pomoc\u0105 ustawie\u0144 przegl\u0105darki internetowej lub za pomoc\u0105 konfiguracji us\u0142ugi. Ustawienia te mog\u0105 przede wszystkim blokowa\u0107 automatyczn\u0105 obs\u0142ug\u0119 cookies w ustawieniach przegl\u0105darki internetowej lub ka\u017cdorazowo informowa\u0107, \u017ce cookies zosta\u0142y zamieszczone na Twoim urz\u0105dzeniu. Szczeg\u00f3\u0142owe informacje o mo\u017cliwo\u015bci i sposobach obs\u0142ugi cookies znajdziesz w ustawieniach przegl\u0105darki internetowej.<\/p>\n\n\n\n<p>W ka\u017cdej chwili mo\u017cesz usun\u0105\u0107 cookies, korzystaj\u0105c z dost\u0119pnych funkcji w przegl\u0105darce internetowej, kt\u00f3rej u\u017cywasz.<\/p>\n\n\n\n<p>Ograniczenie stosowania cookies mo\u017ce jednak wp\u0142yn\u0105\u0107 na niekt\u00f3re funkcjonalno\u015bci serwisu. Dane \u2013 kt\u00f3re przekazujemy firmom zewn\u0119trznym \u2013 s\u0105 u\u017cywane wy\u0142\u0105cznie do \u015bwiadczenia us\u0142ug opisanych w tym dokumencie. Za pomoc\u0105 narz\u0119dzi analitycznych gromadzimy dane statystyczne, aby optymalizowa\u0107 nasz\u0105 witryn\u0119 i przedstawia\u0107 w niej informacje, kt\u00f3re mog\u0105 Ci\u0119 zainteresowa\u0107.<\/p>\n","protected":false},"excerpt":{"rendered":"<p>Czym s\u0105 cookies?Cookies to dane informatyczne, zw\u0142aszcza niewielkie pliki tekstowe, zapisywane i przechowywane na urz\u0105dzeniach, za pomoc\u0105 kt\u00f3rych korzystasz z naszych serwis\u00f3w. Cookies administratora to nasze cookies, kt\u00f3re wi\u0105\u017c\u0105 si\u0119 ze \u015bwiadczeniem przez nas us\u0142ug drog\u0105 elektroniczn\u0105 za po\u015brednictwem naszych serwis\u00f3w. Cookies zewn\u0119trzne to cookies naszych partner\u00f3w, kt\u00f3re wi\u0105\u017c\u0105 si\u0119 z korzystaniem przez nich ze [&hellip;]<\/p>\n","protected":false},"author":1,"featured_media":0,"parent":0,"menu_order":0,"comment_status":"closed","ping_status":"closed","template":"","meta":{"footnotes":""},"class_list":["post-22","page","type-page","status-publish","hentry"],"_links":{"self":[{"href":"https:\/\/przyjaznydomek.com.pl\/przedszkole2\/wp-json\/wp\/v2\/pages\/22","targetHints":{"allow":["GET"]}}],"collection":[{"href":"https:\/\/przyjaznydomek.com.pl\/przedszkole2\/wp-json\/wp\/v2\/pages"}],"about":[{"href":"https:\/\/przyjaznydomek.com.pl\/przedszkole2\/wp-json\/wp\/v2\/types\/page"}],"author":[{"embeddable":true,"href":"https:\/\/przyjaznydomek.com.pl\/przedszkole2\/wp-json\/wp\/v2\/users\/1"}],"replies":[{"embeddable":true,"href":"https:\/\/przyjaznydomek.com.pl\/przedszkole2\/wp-json\/wp\/v2\/comments?post=22"}],"version-history":[{"count":1,"href":"https:\/\/przyjaznydomek.com.pl\/przedszkole2\/wp-json\/wp\/v2\/pages\/22\/revisions"}],"predecessor-version":[{"id":23,"href":"https:\/\/przyjaznydomek.com.pl\/przedszkole2\/wp-json\/wp\/v2\/pages\/22\/revisions\/23"}],"wp:attachment":[{"href":"https:\/\/przyjaznydomek.com.pl\/przedszkole2\/wp-json\/wp\/v2\/media?parent=22"}],"curies":[{"name":"wp","href":"https:\/\/api.w.org\/{rel}","templated":true}]}}