{"id":24,"date":"2021-11-26T23:59:53","date_gmt":"2021-11-26T22:59:53","guid":{"rendered":"https:\/\/przyjaznydomek.com.pl\/przedszkole2\/?page_id=24"},"modified":"2021-11-26T23:59:53","modified_gmt":"2021-11-26T22:59:53","slug":"terapia","status":"publish","type":"page","link":"https:\/\/przyjaznydomek.com.pl\/przedszkole2\/terapia\/","title":{"rendered":"Terapia"},"content":{"rendered":"\n<p>Terapia behawioralna jest wiod\u0105c\u0105 form\u0105 terapii dzieci stosowan\u0105 w naszym przedszkolu. Jest ona r\u00f3wnie\u017c zalecana przez r\u00f3\u017cne organizacje rz\u0105dowe w Europie i Stanach Zjednoczonych, mi\u0119dzy innymi przez National Research Council, New York State Department of Health.<\/p>\n\n\n\n<p>W swojej pracy z dzie\u0107mi i rodzicami stosujemy systemowe podej\u015bcie uwzgl\u0119dniaj\u0105ce \u0142\u0105czenie wiedzy i do\u015bwiadczenia rodzic\u00f3w, nauczycieli maj\u0105cych kontakt z dzieckiem oraz wszystkich specjalist\u00f3w, kt\u00f3re zdecydowanie u\u0142atwia dzieciom ze spektrum autyzmu odnalezienie si\u0119 w codziennym \u017cyciu. Celem oddzia\u0142ywa\u0144 terapeutycznych jest tworzenie indywidualnych program\u00f3w terapeutycznych uwzgl\u0119dniaj\u0105cych jak najlepsze funkcjonowanie dziecka w ka\u017cdym \u015brodowisku.<\/p>\n\n\n\n<p>Efektywna terapia wymaga od nas stosowania r\u00f3wnie\u017c metod wspieraj\u0105cych, kt\u00f3re wykorzystujemy dodatkowo pod k\u0105tem kszta\u0142towania umiej\u0119tno\u015bci dzieci, a s\u0105 to mi\u0119dzy innymi:<\/p>\n\n\n\n<ul class=\"wp-block-list\"><li>Metoda Weroniki Sherborne<\/li><li>Wybrane techniki C. Freineta<\/li><li>MDS &#8211; Metoda Dobrego Startu<\/li><li>Dogoterapia<\/li><li>Logopedia<\/li><li>Logorytmika<\/li><li>Fizjoterapia<\/li><li>Komunikacja Wspomagaj\u0105ca i Alternatywna<\/li><li>Metoda symultaniczno- sekwencyjna<\/li><li>Sensoplastyka<\/li><li>TUS<\/li><li>Terapia r\u0119ki<\/li><li>Terapia pedagogiczna<\/li><li>Stymulacja polisensoryczna (wielozmys\u0142owe poznawanie \u015bwiata)<\/li><li>VB-MAPP \u2013 ocena umiej\u0119tno\u015bci i planowanie terapii<\/li><\/ul>\n\n\n\n<p>Nasze Przedszkole jest miejscem, w kt\u00f3rym rodzice mog\u0105 uzyska\u0107 rzetelne informacje na temat autyzmu, odpowiednich oddzia\u0142ywa\u0144 terapeutycznych, a tak\u017ce skorzysta\u0107 z konsultacji ze specjalistami. Ponadto rodzice mog\u0105 r\u00f3wnie\u017c wzi\u0105\u0107 udzia\u0142 w przygotowanych przez nas warsztatach i szkoleniach.<\/p>\n","protected":false},"excerpt":{"rendered":"<p>Terapia behawioralna jest wiod\u0105c\u0105 form\u0105 terapii dzieci stosowan\u0105 w naszym przedszkolu. Jest ona r\u00f3wnie\u017c zalecana przez r\u00f3\u017cne organizacje rz\u0105dowe w Europie i Stanach Zjednoczonych, mi\u0119dzy innymi przez National Research Council, New York State Department of Health. W swojej pracy z dzie\u0107mi i rodzicami stosujemy systemowe podej\u015bcie uwzgl\u0119dniaj\u0105ce \u0142\u0105czenie wiedzy i do\u015bwiadczenia rodzic\u00f3w, nauczycieli maj\u0105cych kontakt [&hellip;]<\/p>\n","protected":false},"author":1,"featured_media":0,"parent":0,"menu_order":0,"comment_status":"closed","ping_status":"closed","template":"","meta":{"footnotes":""},"class_list":["post-24","page","type-page","status-publish","hentry"],"_links":{"self":[{"href":"https:\/\/przyjaznydomek.com.pl\/przedszkole2\/wp-json\/wp\/v2\/pages\/24","targetHints":{"allow":["GET"]}}],"collection":[{"href":"https:\/\/przyjaznydomek.com.pl\/przedszkole2\/wp-json\/wp\/v2\/pages"}],"about":[{"href":"https:\/\/przyjaznydomek.com.pl\/przedszkole2\/wp-json\/wp\/v2\/types\/page"}],"author":[{"embeddable":true,"href":"https:\/\/przyjaznydomek.com.pl\/przedszkole2\/wp-json\/wp\/v2\/users\/1"}],"replies":[{"embeddable":true,"href":"https:\/\/przyjaznydomek.com.pl\/przedszkole2\/wp-json\/wp\/v2\/comments?post=24"}],"version-history":[{"count":1,"href":"https:\/\/przyjaznydomek.com.pl\/przedszkole2\/wp-json\/wp\/v2\/pages\/24\/revisions"}],"predecessor-version":[{"id":25,"href":"https:\/\/przyjaznydomek.com.pl\/przedszkole2\/wp-json\/wp\/v2\/pages\/24\/revisions\/25"}],"wp:attachment":[{"href":"https:\/\/przyjaznydomek.com.pl\/przedszkole2\/wp-json\/wp\/v2\/media?parent=24"}],"curies":[{"name":"wp","href":"https:\/\/api.w.org\/{rel}","templated":true}]}}