{"id":26,"date":"2021-11-27T00:00:43","date_gmt":"2021-11-26T23:00:43","guid":{"rendered":"https:\/\/przyjaznydomek.com.pl\/przedszkole2\/?page_id=26"},"modified":"2021-11-27T00:00:43","modified_gmt":"2021-11-26T23:00:43","slug":"wwr","status":"publish","type":"page","link":"https:\/\/przyjaznydomek.com.pl\/przedszkole2\/wwr\/","title":{"rendered":"WWR"},"content":{"rendered":"\n<p>W naszym przedszkolu prowadzimy bezp\u0142atne zaj\u0119cia Wczesnego Wspomagania Rozwoju Dziecka. Z potrzebnej terapii mog\u0105 r\u00f3wnie\u017c korzysta\u0107 dzieci, kt\u00f3re na co dzie\u0144 nie s\u0105 naszymi Przedszkolakami. Zaj\u0119cia WWR s\u0105 organizowane dla wszystkich dzieci posiadaj\u0105cych opini\u0119 o potrzebie wczesnego wspomagania rozwoju, kt\u00f3rych rodzice wyra\u017c\u0105 ch\u0119\u0107 uczestnictwa w zaj\u0119ciach poprzez z\u0142o\u017cenie stosownych dokument\u00f3w.<\/p>\n\n\n\n<p>W ramach Wczesnego Wspomagania Rozwoju Dziecka oferujemy nast\u0119puj\u0105ce zaj\u0119cia:<\/p>\n\n\n\n<ul class=\"wp-block-list\"><li>terapi\u0119 behawioraln\u0105<\/li><li>terapi\u0119 psychologiczno-pedagogiczn\u0105<\/li><li>terapi\u0119 logopedyczn\u0105<\/li><li>fizjoterapi\u0119 (rehabilitacj\u0119 ruchow\u0105)<\/li><li>sensoplastyk\u0119<\/li><li>trening umiej\u0119tno\u015bci spo\u0142ecznych<\/li><li>terapi\u0119 r\u0119ki<\/li><\/ul>\n\n\n\n<p><strong>Zapraszamy dzieci w wieku od 2,5 do 6 lat, kt\u00f3re posiadaj\u0105<\/strong><\/p>\n\n\n\n<p><strong>Opini\u0119 o potrzebie Wczesnego Wspomagania Rozwoju Dziecka (WWRD).<\/strong><\/p>\n\n\n\n<p><strong>Liczba miejsc ograniczona.<\/strong><\/p>\n\n\n\n<p>Szczeg\u00f3\u0142owe informacje mo\u017cna uzyska\u0107 pod nr tel. 668 772 259.<\/p>\n","protected":false},"excerpt":{"rendered":"<p>W naszym przedszkolu prowadzimy bezp\u0142atne zaj\u0119cia Wczesnego Wspomagania Rozwoju Dziecka. Z potrzebnej terapii mog\u0105 r\u00f3wnie\u017c korzysta\u0107 dzieci, kt\u00f3re na co dzie\u0144 nie s\u0105 naszymi Przedszkolakami. Zaj\u0119cia WWR s\u0105 organizowane dla wszystkich dzieci posiadaj\u0105cych opini\u0119 o potrzebie wczesnego wspomagania rozwoju, kt\u00f3rych rodzice wyra\u017c\u0105 ch\u0119\u0107 uczestnictwa w zaj\u0119ciach poprzez z\u0142o\u017cenie stosownych dokument\u00f3w. W ramach Wczesnego Wspomagania Rozwoju [&hellip;]<\/p>\n","protected":false},"author":1,"featured_media":0,"parent":0,"menu_order":0,"comment_status":"closed","ping_status":"closed","template":"","meta":{"footnotes":""},"class_list":["post-26","page","type-page","status-publish","hentry"],"_links":{"self":[{"href":"https:\/\/przyjaznydomek.com.pl\/przedszkole2\/wp-json\/wp\/v2\/pages\/26","targetHints":{"allow":["GET"]}}],"collection":[{"href":"https:\/\/przyjaznydomek.com.pl\/przedszkole2\/wp-json\/wp\/v2\/pages"}],"about":[{"href":"https:\/\/przyjaznydomek.com.pl\/przedszkole2\/wp-json\/wp\/v2\/types\/page"}],"author":[{"embeddable":true,"href":"https:\/\/przyjaznydomek.com.pl\/przedszkole2\/wp-json\/wp\/v2\/users\/1"}],"replies":[{"embeddable":true,"href":"https:\/\/przyjaznydomek.com.pl\/przedszkole2\/wp-json\/wp\/v2\/comments?post=26"}],"version-history":[{"count":1,"href":"https:\/\/przyjaznydomek.com.pl\/przedszkole2\/wp-json\/wp\/v2\/pages\/26\/revisions"}],"predecessor-version":[{"id":27,"href":"https:\/\/przyjaznydomek.com.pl\/przedszkole2\/wp-json\/wp\/v2\/pages\/26\/revisions\/27"}],"wp:attachment":[{"href":"https:\/\/przyjaznydomek.com.pl\/przedszkole2\/wp-json\/wp\/v2\/media?parent=26"}],"curies":[{"name":"wp","href":"https:\/\/api.w.org\/{rel}","templated":true}]}}