{"id":8,"date":"2021-10-29T23:14:13","date_gmt":"2021-10-29T21:14:13","guid":{"rendered":"https:\/\/przyjaznydomek.com.pl\/przedszkole2\/?page_id=8"},"modified":"2021-11-27T00:17:57","modified_gmt":"2021-11-26T23:17:57","slug":"strona-glowna","status":"publish","type":"page","link":"https:\/\/przyjaznydomek.com.pl\/przedszkole2\/","title":{"rendered":"Strona g\u0142\u00f3wna"},"content":{"rendered":"\n<h3 class=\"wp-block-heading\">Witamy!<\/h3>\n\n\n\n<p>Nasze przedszkole to miejsce, w kt\u00f3rym zesp\u00f3\u0142 tw\u00f3rczych i do\u015bwiadczonych specjalist\u00f3w stwarza doskona\u0142e warunki do wspierania rozwoju dziecka.<\/p>\n","protected":false},"excerpt":{"rendered":"<p>Witamy! Nasze przedszkole to miejsce, w kt\u00f3rym zesp\u00f3\u0142 tw\u00f3rczych i do\u015bwiadczonych specjalist\u00f3w stwarza doskona\u0142e warunki do wspierania rozwoju dziecka.<\/p>\n","protected":false},"author":1,"featured_media":35,"parent":0,"menu_order":0,"comment_status":"closed","ping_status":"closed","template":"page-home.php","meta":{"footnotes":""},"class_list":["post-8","page","type-page","status-publish","has-post-thumbnail","hentry"],"_links":{"self":[{"href":"https:\/\/przyjaznydomek.com.pl\/przedszkole2\/wp-json\/wp\/v2\/pages\/8","targetHints":{"allow":["GET"]}}],"collection":[{"href":"https:\/\/przyjaznydomek.com.pl\/przedszkole2\/wp-json\/wp\/v2\/pages"}],"about":[{"href":"https:\/\/przyjaznydomek.com.pl\/przedszkole2\/wp-json\/wp\/v2\/types\/page"}],"author":[{"embeddable":true,"href":"https:\/\/przyjaznydomek.com.pl\/przedszkole2\/wp-json\/wp\/v2\/users\/1"}],"replies":[{"embeddable":true,"href":"https:\/\/przyjaznydomek.com.pl\/przedszkole2\/wp-json\/wp\/v2\/comments?post=8"}],"version-history":[{"count":3,"href":"https:\/\/przyjaznydomek.com.pl\/przedszkole2\/wp-json\/wp\/v2\/pages\/8\/revisions"}],"predecessor-version":[{"id":37,"href":"https:\/\/przyjaznydomek.com.pl\/przedszkole2\/wp-json\/wp\/v2\/pages\/8\/revisions\/37"}],"wp:featuredmedia":[{"embeddable":true,"href":"https:\/\/przyjaznydomek.com.pl\/przedszkole2\/wp-json\/wp\/v2\/media\/35"}],"wp:attachment":[{"href":"https:\/\/przyjaznydomek.com.pl\/przedszkole2\/wp-json\/wp\/v2\/media?parent=8"}],"curies":[{"name":"wp","href":"https:\/\/api.w.org\/{rel}","templated":true}]}}