{"id":11,"date":"2021-08-06T21:46:53","date_gmt":"2021-08-06T19:46:53","guid":{"rendered":"https:\/\/przyjaznydomek.com.pl\/zlobek\/?page_id=11"},"modified":"2021-09-27T23:25:07","modified_gmt":"2021-09-27T21:25:07","slug":"o-nas","status":"publish","type":"page","link":"https:\/\/przyjaznydomek.com.pl\/zlobek\/o-nas\/","title":{"rendered":"O nas"},"content":{"rendered":"\n<p>Zapraszamy do \u017c\u0142obka \u201ePrzyjazny Domek\u201d, w kt\u00f3rym stawiamy na wysok\u0105 jako\u015b\u0107 opieki \u017c\u0142obkowej. Dla nas najwa\u017cniejsze s\u0105 dzieci, ich potrzeby i pragnienia. Ka\u017cdy ma\u0142y cz\u0142owiek jest wyj\u0105tkowy, jedyny w swoim rodzaju i potrzebuje indywidualnego podej\u015bcia oraz zrozumienia. I dlatego stworzyli\u015bmy miejsce, w kt\u00f3rym dzieci s\u0105 otoczone czu\u0142\u0105 opiek\u0105 i zdobywaj\u0105 nowe do\u015bwiadczenia i umiej\u0119tno\u015bci w\u015br\u00f3d swoich r\u00f3wie\u015bnik\u00f3w. Stawiamy na nauk\u0119 samodzielno\u015bci, kreatywno\u015bci i ciekawo\u015bci \u015bwiata. Potrzeby i emocje dzieci traktujemy z szacunkiem i dbamy o to, aby ka\u017cdy maluch mia\u0142 poczucie ciep\u0142a i blisko\u015bci. Poszukuj\u0105c r\u00f3\u017cnych inspiracji tw\u00f3rczo sp\u0119dzamy czas w ci\u0105gu dnia, a rado\u015b\u0107 naszych podopiecznych jest dla nas najwa\u017cniejsza.<\/p>\n\n\n\n<p>W naszym \u017c\u0142obku gwar i dzieci\u0119cy \u015bmiech s\u0142ycha\u0107 od 1 sierpnia 2021 roku, kiedy to otworzyli\u015bmy nasz\u0105 plac\u00f3wk\u0119. A wszystko to dzi\u0119ki dofinansowaniu ze \u015brodk\u00f3w unijnych, kt\u00f3re otrzymali\u015bmy na realizacj\u0119 projektu \u201e\u017b\u0142obek Przyjazny Domek\u201d \u2013 utworzenie \u017c\u0142obka z 24 miejscami opieki nad dzie\u0107mi do lat 3 w Bia\u0142ymstoku\u201d nr WND \u2013 RPPD.02.02.00-20-0199\/20 w ramach Osi priorytetowej II Przedsi\u0119biorczo\u015b\u0107 i aktywno\u015b\u0107 zawodowa, Dzia\u0142ania 2.2 Dzia\u0142ania na rzecz r\u00f3wnowagi praca \u2013 \u017cycie, Regionalnego Programu Operacyjnego Wojew\u00f3dztwa Podlaskiego na lata 2014-2020.<\/p>\n","protected":false},"excerpt":{"rendered":"<p>Zapraszamy do \u017c\u0142obka \u201ePrzyjazny Domek\u201d, w kt\u00f3rym stawiamy na wysok\u0105 jako\u015b\u0107 opieki \u017c\u0142obkowej. Dla nas najwa\u017cniejsze s\u0105 dzieci, ich potrzeby i pragnienia. Ka\u017cdy ma\u0142y cz\u0142owiek jest wyj\u0105tkowy, jedyny w swoim rodzaju i potrzebuje indywidualnego podej\u015bcia oraz zrozumienia. I dlatego stworzyli\u015bmy miejsce, w kt\u00f3rym dzieci s\u0105 otoczone czu\u0142\u0105 opiek\u0105 i zdobywaj\u0105 nowe do\u015bwiadczenia i umiej\u0119tno\u015bci w\u015br\u00f3d [&hellip;]<\/p>\n","protected":false},"author":1,"featured_media":0,"parent":0,"menu_order":0,"comment_status":"closed","ping_status":"closed","template":"","meta":{"footnotes":""},"class_list":["post-11","page","type-page","status-publish","hentry"],"_links":{"self":[{"href":"https:\/\/przyjaznydomek.com.pl\/zlobek\/wp-json\/wp\/v2\/pages\/11","targetHints":{"allow":["GET"]}}],"collection":[{"href":"https:\/\/przyjaznydomek.com.pl\/zlobek\/wp-json\/wp\/v2\/pages"}],"about":[{"href":"https:\/\/przyjaznydomek.com.pl\/zlobek\/wp-json\/wp\/v2\/types\/page"}],"author":[{"embeddable":true,"href":"https:\/\/przyjaznydomek.com.pl\/zlobek\/wp-json\/wp\/v2\/users\/1"}],"replies":[{"embeddable":true,"href":"https:\/\/przyjaznydomek.com.pl\/zlobek\/wp-json\/wp\/v2\/comments?post=11"}],"version-history":[{"count":2,"href":"https:\/\/przyjaznydomek.com.pl\/zlobek\/wp-json\/wp\/v2\/pages\/11\/revisions"}],"predecessor-version":[{"id":55,"href":"https:\/\/przyjaznydomek.com.pl\/zlobek\/wp-json\/wp\/v2\/pages\/11\/revisions\/55"}],"wp:attachment":[{"href":"https:\/\/przyjaznydomek.com.pl\/zlobek\/wp-json\/wp\/v2\/media?parent=11"}],"curies":[{"name":"wp","href":"https:\/\/api.w.org\/{rel}","templated":true}]}}