{"id":13,"date":"2021-08-06T21:47:17","date_gmt":"2021-08-06T19:47:17","guid":{"rendered":"https:\/\/przyjaznydomek.com.pl\/zlobek\/?page_id=13"},"modified":"2021-09-27T23:43:01","modified_gmt":"2021-09-27T21:43:01","slug":"oferta","status":"publish","type":"page","link":"https:\/\/przyjaznydomek.com.pl\/zlobek\/oferta\/","title":{"rendered":"Oferta"},"content":{"rendered":"\n<h2 class=\"has-text-align-center wp-block-heading\"><strong>MUZYKOLANDIA &#8211; ZAJ\u0118CIA UMUZYKALNIAJ\u0104CE<\/strong><\/h2>\n\n\n\n<p class=\"has-text-align-center\">\u201e<em>Muzyka daje dusz\u0119 wszech\u015bwiatowi, skrzyd\u0142a umys\u0142owi, lot wyobra\u017ani, a wszystkiemu \u017cycie\u201d<\/em><\/p>\n\n\n\n<p class=\"has-text-align-center\">Platon<\/p>\n\n\n\n<p class=\"has-text-align-center\">\u201e<em>Dzieci i muzyka &#8211; nigdy nie jest za wcze\u015bnie, by zainicjowa\u0107 ten duet\u201d<\/em><\/p>\n\n\n\n<p class=\"has-text-align-center\">S. Drasnin<\/p>\n\n\n\n<p>Podr\u00f3\u017c w \u015bwiat d\u017awi\u0119k\u00f3w i muzyki to jedna z wielu propozycji naszego \u017c\u0142obka maj\u0105ca na celu rozw\u00f3j potencja\u0142u dzieci. W ci\u0105gu ca\u0142ego dnia muzyka towarzyszy dzieciom zar\u00f3wno w trakcie ich aktywno\u015bci, a tak\u017ce podczas odpoczynku. Pami\u0119tamy te\u017c o tym, \u017ce aby pozosta\u0142a ona z dzie\u0107mi na d\u0142u\u017cej powinny j\u0105 prze\u017cy\u0107, dlatego organizujemy zabawy muzyczne, zaj\u0119cia podczas kt\u00f3rych dzieci nie tylko poznaj\u0105 brzmienie r\u00f3\u017cnych instrument\u00f3w, ale ucz\u0105 si\u0119 wydobywa\u0107 z nich d\u017awi\u0119ki. \u015apiewanie piosenek z akompaniamentem instrument\u00f3w to kolejny nasz pomys\u0142 na wej\u015bcie w \u015bwiat muzyki podczas zaj\u0119\u0107 umuzykalniaj\u0105cych.<\/p>\n\n\n\n<p><strong>Muzyka kszta\u0142tuje pami\u0119\u0107, podzielno\u015b\u0107 uwagi, tw\u00f3rcz\u0105 wyobra\u017ani\u0119 oraz kompetencje poznawcze, wp\u0142ywa na rozw\u00f3j zdolno\u015bci komunikacyjnych, samodzielno\u015bci my\u015blenia, kszta\u0142tuje emocjonalno\u015b\u0107 i wra\u017cliwo\u015b\u0107 tworz\u0105c \u015bwiat prze\u017cy\u0107 dzieci.<\/strong><\/p>\n\n\n\n<div style=\"height:100px\" aria-hidden=\"true\" class=\"wp-block-spacer\"><\/div>\n\n\n\n<h2 class=\"has-text-align-center wp-block-heading\"><strong>PLASTYCZNY \u015aWIAT DZIECI\u0118CEJ WYOBRA\u0179NI &#8211; DZIA\u0141ANIA ARTYSTYCZNE<\/strong><\/h2>\n\n\n\n<p class=\"has-text-align-center\">\u201e<em>Nie istnieje nic takiego, czego by sztuka nie mog\u0142a wyrazi\u0107\u201d<\/em><\/p>\n\n\n\n<p class=\"has-text-align-center\">Oskar Wilde<\/p>\n\n\n\n<p class=\"has-text-align-center\">\u201e<em>Wszystkie dzieci rodz\u0105 si\u0119 artystami. Sztuka polega na tym, by pozosta\u0107 nimi do ko\u0144ca \u017cycia\u201d<\/em><\/p>\n\n\n\n<p class=\"has-text-align-center\">Pablo Picasso<\/p>\n\n\n\n<p>Zabawy plastyczne stanowi\u0105 wa\u017cny element rozwoju dziecka. Dlatego za pomoc\u0105 r\u00f3\u017cnorodnych materia\u0142\u00f3w (m.in. farb, bibu\u0142y, skrawk\u00f3w materia\u0142\u00f3w, masy solnej, masy papierowej) i narz\u0119dzi plastycznych (m.in. p\u0119dzli, g\u0105bek, kork\u00f3w, piecz\u0105tek) oraz technik (m.in. malowania, rysowania, lepienia, wydzierania, stemplowania) wsp\u00f3lnie z dzie\u0107mi przenosimy si\u0119 do \u015bwiata wyobra\u017ani, wyzwalaj\u0105c niesamowite pok\u0142ady kreatywno\u015bci wci\u0105\u017c doskonalimy nasze zdolno\u015bci manualne. U nas najwa\u017cniejszy jest sam proces tworzenia dzie\u0142a przez dziecko, a nie efekt ko\u0144cowy.<\/p>\n\n\n\n<p><em><strong>Zabawy plastyczne rozwijaj\u0105 umiej\u0119tno\u015b\u0107 skupienia uwagi, rozwijaj\u0105 wyobra\u017ani\u0119 i zdolno\u015bci psychomotoryczne dzieci.<\/strong><\/em><\/p>\n\n\n\n<div style=\"height:100px\" aria-hidden=\"true\" class=\"wp-block-spacer\"><\/div>\n\n\n\n<h2 class=\"has-text-align-center wp-block-heading\"><strong>SPORTOWIAKI &#8211; ZAJ\u0118CIA RUCHOWE<\/strong><\/h2>\n\n\n\n<p class=\"has-text-align-center\">\u201e<em>\u017bycie polega na ruchu i ruch jest jego istot\u0105\u201d<\/em><\/p>\n\n\n\n<p class=\"has-text-align-center\">Artur Schopenhauer<\/p>\n\n\n\n<p>W naszym \u017c\u0142obku ka\u017cdego dnia pami\u0119tamy o znalezieniu czasu na zaj\u0119cia ruchowe. Pojawiaj\u0105 si\u0119 one w formie zabaw paluszkowych, masa\u017cyk\u00f3w, \u0107wicze\u0144 gimnastycznych, zabaw ze \u015bpiewem, przy muzyce, a tak\u017ce ruchu spontanicznego. Po co wyginamy \u015bmia\u0142o cia\u0142o? &#8211; bo pami\u0119tamy, \u017ce optymalny rozw\u00f3j psychomotoryczny dzieci uwarunkowany jest wszechstronnym, spontanicznym ruchem.<\/p>\n\n\n\n<p><strong>Zabawy ruchowe pomagaj\u0105 dzieciom w odkrywaniu mo\u017cliwo\u015bci w\u0142asnego cia\u0142a, doskonaleniu zwinno\u015bci, r\u00f3wnowagi, gibko\u015bci, koordynacji ruchowo-wzrokowej, skoczno\u015bci, nabywaniu umiej\u0119tno\u015bci roz\u0142adowywania napi\u0119\u0107 i emocji, pobudzaj\u0105 wyobra\u017ani\u0119 i ambicj\u0119 dziecka oraz rozwijaj\u0105 wsp\u00f3\u0142dzia\u0142anie w grupie.<\/strong><\/p>\n\n\n\n<div style=\"height:100px\" aria-hidden=\"true\" class=\"wp-block-spacer\"><\/div>\n\n\n\n<h2 class=\"has-text-align-center wp-block-heading\"><strong>SENSORYKA DLA SMYKA<\/strong><\/h2>\n\n\n\n<p class=\"has-text-align-center\">\u201e<em>Czy to nieprzyjemne, by si\u0119 uczy\u0107 i potem wykorzysta\u0107 to, czego si\u0119 nauczy\u0142?\u201d<\/em><\/p>\n\n\n\n<p class=\"has-text-align-center\">Konfucjusz<\/p>\n\n\n\n<p>Zaj\u0119cia sensoryczne prowadzone w naszym \u017c\u0142obku s\u0105 dopierane tak \u017ceby rozwija\u0142y zmys\u0142y i pomaga\u0142y w poznawaniu \u015bwiata. Dzi\u0119ki zabawom sensorycznym dzieci kszta\u0142tuj\u0105 takie umiej\u0119tno\u015bci, jak nauka i zapami\u0119tywanie kszta\u0142t\u00f3w i kolor\u00f3w, wra\u017cliwo\u015b\u0107 na nowe bod\u017ace, kontakty mi\u0119dzyludzkie i zdolno\u015b\u0107 do wsp\u00f3\u0142pracy z innymi. Razem aktywnie sp\u0119dzamy czas, rozwijamy wyobra\u017ani\u0119, stwarzamy wiele okazji do ruchu, ale te\u017c troch\u0119 ba\u0142aganimy: masa solna, farby, plastelina to dzi\u0119ki nim aktywizujemy ma\u0142\u0105 motoryk\u0119.<\/p>\n\n\n\n<p><strong>Zabawy sensoryczne anga\u017cuj\u0105 wszystkie zmys\u0142y malucha. Dzi\u0119ki nim dzieci s\u0142uchaj\u0105c, obserwuj\u0105c, badaj\u0105c dotykiem, smakiem i w\u0119chem poznaj\u0105 otaczaj\u0105cy \u015bwiat ca\u0142ym swoim cia\u0142em i wszystkimi zmys\u0142ami. Zaj\u0119cia sensoryczne wspieraj\u0105 og\u00f3lny rozw\u00f3j dziecka oraz ma\u0142\u0105 i du\u017c\u0105 motoryk\u0119. Motoryka ma\u0142a to sprawno\u015b\u0107 d\u0142oni i palc\u00f3w, motoryka du\u017ca to sprawno\u015b\u0107 ruchowa ca\u0142ego cia\u0142a.<\/strong><\/p>\n\n\n\n<div style=\"height:100px\" aria-hidden=\"true\" class=\"wp-block-spacer\"><\/div>\n\n\n\n<h2 class=\"has-text-align-center wp-block-heading\"><strong>KUFEREK R\u00d3\u017bNO\u015aCI<\/strong><br><strong>POZNAJEMY \u015aWIAT &#8211; DO\u015aWIADCZANIE I BADANIE RZECZYWISTO\u015aCI<\/strong><\/h2>\n\n\n\n<p class=\"has-text-align-center\">\u201e<em>Nie ta\u00adkie wa\u017cne, \u017ceby cz\u0142owiek du\u017co wie\u00addzia\u0142, ale \u017ceby dob\u00adrze wie\u00addzia\u0142, nie \u017ceby umia\u0142 na pa\u00admi\u0119\u0107, a \u017ceby ro\u00adzumia\u0142, nie \u017ceby go wszys\u00adtko troszk\u0119 ob\u00adchodzi\u0142o, a \u017ceby go co\u015b nap\u00adrawd\u0119 zajmowa\u0142o\u201d<\/em><\/p>\n\n\n\n<p class=\"has-text-align-center\">Janusz Korczak<\/p>\n\n\n\n<p>Ciekawo\u015b\u0107 \u015bwiata to naturalna cecha ka\u017cdego dziecka: wszystko chce wiedzie\u0107, sprawdzi\u0107, wszystkiego spr\u00f3bowa\u0107, zajrze\u0107 w ka\u017cdy zakamarek; chce wiedzie\u0107 co to?, jak?, dlaczego?, po co? Poprzez te zaj\u0119cia chcemy zaspokoi\u0107 ciekawo\u015b\u0107 poznawcz\u0105 dzieci, a dzi\u0119ki temu wzbogaci\u0107 ich wiedz\u0119 o otaczaj\u0105cym \u015bwiecie: ludziach, ro\u015blinach zwierz\u0119tach i ca\u0142ym mn\u00f3stwie zjawisk. Obserwuj\u0105c, dotykaj\u0105c, smakuj\u0105c, s\u0142uchaj\u0105c b\u0119dziemy poznawa\u0107 to co znane i nieznane, odkrywa\u0107 tajemnice, eksperymentowa\u0107 i do\u015bwiadcza\u0107.<\/p>\n\n\n\n<p><strong>Zabawy badawcze i eksperymenty zaspokajaj\u0105 naturaln\u0105 dzieci\u0119c\u0105 ciekawo\u015b\u0107, dostarczaj\u0105 dziecku nowych prze\u017cy\u0107 zwi\u0105zanych z odkrywaniem otaczaj\u0105cej rzeczywisto\u015bci, rozwijaj\u0105 my\u015blenie przyczynowo &#8211; skutkowe oraz doskonal\u0105 orientacj\u0119 w \u015bwiecie, daj\u0105 okazj\u0119 do odkrywania i zg\u0142\u0119biania fascynuj\u0105cego \u015bwiata przyrody i techniki.<\/strong><\/p>\n\n\n\n<div style=\"height:100px\" aria-hidden=\"true\" class=\"wp-block-spacer\"><\/div>\n\n\n\n<h2 class=\"has-text-align-center wp-block-heading\"><strong>KSI\u0104\u017bECZKI Z NASZEJ P\u00d3\u0141ECZKI<\/strong><\/h2>\n\n\n\n<p class=\"has-text-align-center\">\u201e<em>Czytanie ksi\u0105\u017cek to najpi\u0119kniejsza zabawa, jak\u0105 sobie ludzko\u015b\u0107 wymy\u015bli\u0142a\u201d<\/em><\/p>\n\n\n\n<p class=\"has-text-align-center\">Wis\u0142awa Szymborska<\/p>\n\n\n\n<p>Razem z bohaterami dzieci\u0119cych ksi\u0105\u017ceczek codziennie wybieramy si\u0119 w podr\u00f3\u017c do magicznego \u015bwiata, dzi\u0119ki czemu zaspokajamy potrzeby emocjonalne dzieci, wspieramy ich rozw\u00f3j psychiczny, intelektualny i spo\u0142eczny. W naszej biblioteczce ka\u017cdy znajdzie co\u015b dla siebie: bajki, ba\u015bnie, wierszyki, rymowanki, wyliczanki, ksi\u0105\u017ceczki obrazkowe i wiele innych.<\/p>\n\n\n\n<p><strong>G\u0142o\u015bne czytanie dla najm\u0142odszych rozwija ich umiej\u0119tno\u015bci j\u0119zykowe, wzbogaca s\u0142ownictwo, rozwija my\u015blenie, pami\u0119\u0107 i wyobra\u017ani\u0119, poszerza wiedz\u0119 i dostarcza wzorc\u00f3w dobrych zachowa\u0144.<\/strong><\/p>\n\n\n\n<div style=\"height:100px\" aria-hidden=\"true\" class=\"wp-block-spacer\"><\/div>\n\n\n\n<h2 class=\"has-text-align-center wp-block-heading\"><strong>KULINARNE ZABAWY<\/strong><\/h2>\n\n\n\n<p class=\"has-text-align-center\">\u201e<em>Nadszed\u0142 czas na ma\u0142e co nieco\u201d<\/em><\/p>\n\n\n\n<p class=\"has-text-align-center\">Kubu\u015b Puchatek<\/p>\n\n\n\n<p>Zaj\u0119cia kulinarne to czas dobrej i w dodatku smacznej zabawy. Podczas zaj\u0119\u0107 dzieci poznaj\u0105 produkty za pomoc\u0105 r\u00f3\u017cnych zmys\u0142\u00f3w, nie tylko smaku, ale r\u00f3wnie\u017c zapachu i dotyku. A potem\u2026kroj\u0105, ugniataj\u0105, mieszaj\u0105, smaruj\u0105 no i oczywi\u015bcie\u2026 jedz\u0105\ud83d\ude0a<\/p>\n","protected":false},"excerpt":{"rendered":"<p>MUZYKOLANDIA &#8211; ZAJ\u0118CIA UMUZYKALNIAJ\u0104CE \u201eMuzyka daje dusz\u0119 wszech\u015bwiatowi, skrzyd\u0142a umys\u0142owi, lot wyobra\u017ani, a wszystkiemu \u017cycie\u201d Platon \u201eDzieci i muzyka &#8211; nigdy nie jest za wcze\u015bnie, by zainicjowa\u0107 ten duet\u201d S. Drasnin Podr\u00f3\u017c w \u015bwiat d\u017awi\u0119k\u00f3w i muzyki to jedna z wielu propozycji naszego \u017c\u0142obka maj\u0105ca na celu rozw\u00f3j potencja\u0142u dzieci. W ci\u0105gu ca\u0142ego dnia muzyka [&hellip;]<\/p>\n","protected":false},"author":1,"featured_media":0,"parent":0,"menu_order":0,"comment_status":"closed","ping_status":"closed","template":"","meta":{"footnotes":""},"class_list":["post-13","page","type-page","status-publish","hentry"],"_links":{"self":[{"href":"https:\/\/przyjaznydomek.com.pl\/zlobek\/wp-json\/wp\/v2\/pages\/13","targetHints":{"allow":["GET"]}}],"collection":[{"href":"https:\/\/przyjaznydomek.com.pl\/zlobek\/wp-json\/wp\/v2\/pages"}],"about":[{"href":"https:\/\/przyjaznydomek.com.pl\/zlobek\/wp-json\/wp\/v2\/types\/page"}],"author":[{"embeddable":true,"href":"https:\/\/przyjaznydomek.com.pl\/zlobek\/wp-json\/wp\/v2\/users\/1"}],"replies":[{"embeddable":true,"href":"https:\/\/przyjaznydomek.com.pl\/zlobek\/wp-json\/wp\/v2\/comments?post=13"}],"version-history":[{"count":8,"href":"https:\/\/przyjaznydomek.com.pl\/zlobek\/wp-json\/wp\/v2\/pages\/13\/revisions"}],"predecessor-version":[{"id":63,"href":"https:\/\/przyjaznydomek.com.pl\/zlobek\/wp-json\/wp\/v2\/pages\/13\/revisions\/63"}],"wp:attachment":[{"href":"https:\/\/przyjaznydomek.com.pl\/zlobek\/wp-json\/wp\/v2\/media?parent=13"}],"curies":[{"name":"wp","href":"https:\/\/api.w.org\/{rel}","templated":true}]}}