{"id":15,"date":"2021-08-06T21:47:48","date_gmt":"2021-08-06T19:47:48","guid":{"rendered":"https:\/\/przyjaznydomek.com.pl\/zlobek\/?page_id=15"},"modified":"2021-10-05T20:56:03","modified_gmt":"2021-10-05T18:56:03","slug":"plan-dnia","status":"publish","type":"page","link":"https:\/\/przyjaznydomek.com.pl\/zlobek\/plan-dnia\/","title":{"rendered":"Plan dnia"},"content":{"rendered":"\n<p><strong>6:30 \u2013 8:30<\/strong> &#8211; Schodzenie si\u0119 dzieci. Zabawy swobodne, czytanie ksi\u0105\u017ceczek, budowanie z klock\u00f3w. Kontakty indywidualne \u2013 rozmowy, obserwacja zachowa\u0144 i dzia\u0142a\u0144 dzieci.<\/p>\n\n\n\n<hr class=\"wp-block-separator\"\/>\n\n\n\n<p><strong>8:30 &#8211; 9:00<\/strong> &#8211; \u015aniadanie<\/p>\n\n\n\n<hr class=\"wp-block-separator\"\/>\n\n\n\n<p><strong>9:00 \u2013 10:15<\/strong> &#8211; Przywitanie w kr\u0119gu, zaj\u0119cia sprzyjaj\u0105ce tw\u00f3rczej aktywno\u015bci dzieci, zabawy integracyjne, zabawy swobodne. Spacery i zabawy na \u015bwie\u017cym powietrzu lub zabawy ruchowe w sali.<\/p>\n\n\n\n<p>Poniedzia\u0142ek &#8211; Sportowiaki<\/p>\n\n\n\n<p>Wtorek &#8211; Plastyczny \u015bwiat dzieci\u0119cej wyobra\u017ani<\/p>\n\n\n\n<p>\u015aroda &#8211; Muzykolandia<\/p>\n\n\n\n<p>Czwartek &#8211; Sensoryka dla smyka<\/p>\n\n\n\n<p>Pi\u0105tek &#8211; Kuferek r\u00f3\u017cno\u015bci<\/p>\n\n\n\n<hr class=\"wp-block-separator\"\/>\n\n\n\n<p><strong>10:15 \u2013 11:00<\/strong> &#8211; Zupa i przygotowanie odpoczynku<\/p>\n\n\n\n<hr class=\"wp-block-separator\"\/>\n\n\n\n<p><strong>11:00 \u2013 13:00<\/strong> &#8211; Czas relaksu &#8211; s\u0142uchanie muzyki i sen<\/p>\n\n\n\n<hr class=\"wp-block-separator\"\/>\n\n\n\n<p><strong>13:00 \u2013 13:30<\/strong> &#8211; Obiad &#8211; II danie<\/p>\n\n\n\n<hr class=\"wp-block-separator\"\/>\n\n\n\n<p><strong>13:30 \u2013 14:45<\/strong> &#8211; Zabawy dowolne, zabawy ruchowe przy muzyce, zaj\u0119cia czytelnicze.<br>Kontynuacja rozpocz\u0119tych wcze\u015bniej zada\u0144 \u2013 zgodnie z potrzebami i indywidualnym tempem pracy dzieci.<\/p>\n\n\n\n<hr class=\"wp-block-separator\"\/>\n\n\n\n<p><strong>14:45 \u2013 15:15<\/strong> &#8211; Podwieczorek<\/p>\n\n\n\n<hr class=\"wp-block-separator\"\/>\n\n\n\n<p><strong>15:15 \u2013 16:30<\/strong> &#8211; Zabawy swobodne. Po\u017cegnanie<\/p>\n","protected":false},"excerpt":{"rendered":"<p>6:30 \u2013 8:30 &#8211; Schodzenie si\u0119 dzieci. Zabawy swobodne, czytanie ksi\u0105\u017ceczek, budowanie z klock\u00f3w. Kontakty indywidualne \u2013 rozmowy, obserwacja zachowa\u0144 i dzia\u0142a\u0144 dzieci. 8:30 &#8211; 9:00 &#8211; \u015aniadanie 9:00 \u2013 10:15 &#8211; Przywitanie w kr\u0119gu, zaj\u0119cia sprzyjaj\u0105ce tw\u00f3rczej aktywno\u015bci dzieci, zabawy integracyjne, zabawy swobodne. Spacery i zabawy na \u015bwie\u017cym powietrzu lub zabawy ruchowe w sali. [&hellip;]<\/p>\n","protected":false},"author":1,"featured_media":0,"parent":0,"menu_order":0,"comment_status":"closed","ping_status":"closed","template":"","meta":{"footnotes":""},"class_list":["post-15","page","type-page","status-publish","hentry"],"_links":{"self":[{"href":"https:\/\/przyjaznydomek.com.pl\/zlobek\/wp-json\/wp\/v2\/pages\/15","targetHints":{"allow":["GET"]}}],"collection":[{"href":"https:\/\/przyjaznydomek.com.pl\/zlobek\/wp-json\/wp\/v2\/pages"}],"about":[{"href":"https:\/\/przyjaznydomek.com.pl\/zlobek\/wp-json\/wp\/v2\/types\/page"}],"author":[{"embeddable":true,"href":"https:\/\/przyjaznydomek.com.pl\/zlobek\/wp-json\/wp\/v2\/users\/1"}],"replies":[{"embeddable":true,"href":"https:\/\/przyjaznydomek.com.pl\/zlobek\/wp-json\/wp\/v2\/comments?post=15"}],"version-history":[{"count":7,"href":"https:\/\/przyjaznydomek.com.pl\/zlobek\/wp-json\/wp\/v2\/pages\/15\/revisions"}],"predecessor-version":[{"id":99,"href":"https:\/\/przyjaznydomek.com.pl\/zlobek\/wp-json\/wp\/v2\/pages\/15\/revisions\/99"}],"wp:attachment":[{"href":"https:\/\/przyjaznydomek.com.pl\/zlobek\/wp-json\/wp\/v2\/media?parent=15"}],"curies":[{"name":"wp","href":"https:\/\/api.w.org\/{rel}","templated":true}]}}