{"id":17,"date":"2021-08-06T21:48:07","date_gmt":"2021-08-06T19:48:07","guid":{"rendered":"https:\/\/przyjaznydomek.com.pl\/zlobek\/?page_id=17"},"modified":"2021-09-28T00:44:53","modified_gmt":"2021-09-27T22:44:53","slug":"wyprawka","status":"publish","type":"page","link":"https:\/\/przyjaznydomek.com.pl\/zlobek\/wyprawka\/","title":{"rendered":"Wyprawka"},"content":{"rendered":"\n<p>Prosimy rodzic\u00f3w\/opiekun\u00f3w prawnych o&nbsp;przyniesienie do \u017c\u0142obka:<\/p>\n\n\n\n<ul class=\"wp-block-list\"><li>ubranek na&nbsp;zmian\u0119, minimum dwa komplety (koszulka, body, bluzeczka, spodenki, skarpety, rajstopy itp.) dostosowanych do warunk\u00f3w atmosferycznych<\/li><li>kapci (opcjonalnie)<\/li><li>worka na&nbsp;po\u015bciel<\/li><li>butelki \/ bidonu na wod\u0119<\/li><li>smoczka (opcjonalnie)<\/li><li>butelki na mleko i mleka w proszku (opcjonalnie)<\/li><li>\u015bliniaka<\/li><li>pampers\u00f3w i wilgotnych chusteczek<\/li><\/ul>\n\n\n\n<p>Prosimy o&nbsp;podpisanie imieniem i&nbsp;nazwiskiem dziecka wszystkich wy\u017cej wymienionych rzeczy.<\/p>\n","protected":false},"excerpt":{"rendered":"<p>Prosimy rodzic\u00f3w\/opiekun\u00f3w prawnych o&nbsp;przyniesienie do \u017c\u0142obka: ubranek na&nbsp;zmian\u0119, minimum dwa komplety (koszulka, body, bluzeczka, spodenki, skarpety, rajstopy itp.) dostosowanych do warunk\u00f3w atmosferycznych kapci (opcjonalnie) worka na&nbsp;po\u015bciel butelki \/ bidonu na wod\u0119 smoczka (opcjonalnie) butelki na mleko i mleka w proszku (opcjonalnie) \u015bliniaka pampers\u00f3w i wilgotnych chusteczek Prosimy o&nbsp;podpisanie imieniem i&nbsp;nazwiskiem dziecka wszystkich wy\u017cej wymienionych rzeczy.<\/p>\n","protected":false},"author":1,"featured_media":0,"parent":0,"menu_order":0,"comment_status":"closed","ping_status":"closed","template":"","meta":{"footnotes":""},"class_list":["post-17","page","type-page","status-publish","hentry"],"_links":{"self":[{"href":"https:\/\/przyjaznydomek.com.pl\/zlobek\/wp-json\/wp\/v2\/pages\/17","targetHints":{"allow":["GET"]}}],"collection":[{"href":"https:\/\/przyjaznydomek.com.pl\/zlobek\/wp-json\/wp\/v2\/pages"}],"about":[{"href":"https:\/\/przyjaznydomek.com.pl\/zlobek\/wp-json\/wp\/v2\/types\/page"}],"author":[{"embeddable":true,"href":"https:\/\/przyjaznydomek.com.pl\/zlobek\/wp-json\/wp\/v2\/users\/1"}],"replies":[{"embeddable":true,"href":"https:\/\/przyjaznydomek.com.pl\/zlobek\/wp-json\/wp\/v2\/comments?post=17"}],"version-history":[{"count":2,"href":"https:\/\/przyjaznydomek.com.pl\/zlobek\/wp-json\/wp\/v2\/pages\/17\/revisions"}],"predecessor-version":[{"id":66,"href":"https:\/\/przyjaznydomek.com.pl\/zlobek\/wp-json\/wp\/v2\/pages\/17\/revisions\/66"}],"wp:attachment":[{"href":"https:\/\/przyjaznydomek.com.pl\/zlobek\/wp-json\/wp\/v2\/media?parent=17"}],"curies":[{"name":"wp","href":"https:\/\/api.w.org\/{rel}","templated":true}]}}