{"id":19,"date":"2021-08-06T21:48:42","date_gmt":"2021-08-06T19:48:42","guid":{"rendered":"https:\/\/przyjaznydomek.com.pl\/zlobek\/?page_id=19"},"modified":"2021-09-28T00:48:44","modified_gmt":"2021-09-27T22:48:44","slug":"zywienie-dzieci","status":"publish","type":"page","link":"https:\/\/przyjaznydomek.com.pl\/zlobek\/zywienie-dzieci\/","title":{"rendered":"\u017bywienie dzieci"},"content":{"rendered":"\n<p>Dbamy o to, aby dostarcza\u0107 dzieciom wy\u0142\u0105cznie zdrowe posi\u0142ki. Od lat wsp\u00f3\u0142pracujemy z firm\u0105 cateringow\u0105\u00a0Kate&amp;Leopold, kt\u00f3ra zapewnia dzieciom przepyszne wy\u017cywienie z uwzgl\u0119dnieniem diet eliminacyjnych. Posi\u0142ki to nie tylko zdrowe, przepyszne jedzenie, ale r\u00f3wnie\u017c codzienna okazja do wspierania samodzielno\u015bci i poczucia w\u0142asnej warto\u015bci dzieci. Zach\u0119camy nasze maluszki do samodzielno\u015bci w jedzeniu, decydowania o tym co i w jakiej kolejno\u015bci b\u0119dzie znika\u0142o z ich talerzy.<\/p>\n","protected":false},"excerpt":{"rendered":"<p>Dbamy o to, aby dostarcza\u0107 dzieciom wy\u0142\u0105cznie zdrowe posi\u0142ki. Od lat wsp\u00f3\u0142pracujemy z firm\u0105 cateringow\u0105\u00a0Kate&amp;Leopold, kt\u00f3ra zapewnia dzieciom przepyszne wy\u017cywienie z uwzgl\u0119dnieniem diet eliminacyjnych. Posi\u0142ki to nie tylko zdrowe, przepyszne jedzenie, ale r\u00f3wnie\u017c codzienna okazja do wspierania samodzielno\u015bci i poczucia w\u0142asnej warto\u015bci dzieci. Zach\u0119camy nasze maluszki do samodzielno\u015bci w jedzeniu, decydowania o tym co i [&hellip;]<\/p>\n","protected":false},"author":1,"featured_media":0,"parent":0,"menu_order":0,"comment_status":"closed","ping_status":"closed","template":"","meta":{"footnotes":""},"class_list":["post-19","page","type-page","status-publish","hentry"],"_links":{"self":[{"href":"https:\/\/przyjaznydomek.com.pl\/zlobek\/wp-json\/wp\/v2\/pages\/19","targetHints":{"allow":["GET"]}}],"collection":[{"href":"https:\/\/przyjaznydomek.com.pl\/zlobek\/wp-json\/wp\/v2\/pages"}],"about":[{"href":"https:\/\/przyjaznydomek.com.pl\/zlobek\/wp-json\/wp\/v2\/types\/page"}],"author":[{"embeddable":true,"href":"https:\/\/przyjaznydomek.com.pl\/zlobek\/wp-json\/wp\/v2\/users\/1"}],"replies":[{"embeddable":true,"href":"https:\/\/przyjaznydomek.com.pl\/zlobek\/wp-json\/wp\/v2\/comments?post=19"}],"version-history":[{"count":2,"href":"https:\/\/przyjaznydomek.com.pl\/zlobek\/wp-json\/wp\/v2\/pages\/19\/revisions"}],"predecessor-version":[{"id":71,"href":"https:\/\/przyjaznydomek.com.pl\/zlobek\/wp-json\/wp\/v2\/pages\/19\/revisions\/71"}],"wp:attachment":[{"href":"https:\/\/przyjaznydomek.com.pl\/zlobek\/wp-json\/wp\/v2\/media?parent=19"}],"curies":[{"name":"wp","href":"https:\/\/api.w.org\/{rel}","templated":true}]}}