{"id":23,"date":"2021-08-06T21:49:16","date_gmt":"2021-08-06T19:49:16","guid":{"rendered":"https:\/\/przyjaznydomek.com.pl\/zlobek\/?page_id=23"},"modified":"2021-10-02T08:57:18","modified_gmt":"2021-10-02T06:57:18","slug":"rekrutacja","status":"publish","type":"page","link":"https:\/\/przyjaznydomek.com.pl\/zlobek\/rekrutacja\/","title":{"rendered":"Rekrutacja"},"content":{"rendered":"\n<p>Rekrutacja do \u017c\u0142obka prowadzona jest przez ca\u0142y rok kalendarzowy. Je\u015bli w grupie s\u0105 wolne miejsca \u2013 Pa\u0144stwa Dziecko mo\u017ce do\u0142\u0105czy\u0107 do niej w dogodnej dla Pa\u0144stwa chwili.<\/p>\n\n\n\n<p>Zapraszamy dzieci w wieku od 6 do 36 miesi\u0119cy.<\/p>\n\n\n\n<div class=\"wp-block-contact-form-7-contact-form-selector\"><div role=\"form\" class=\"wpcf7\" id=\"wpcf7-f84-o1\" lang=\"pl-PL\" dir=\"ltr\">\n<div class=\"screen-reader-response\"><p role=\"status\" aria-live=\"polite\" aria-atomic=\"true\"><\/p> <ul><\/ul><\/div>\n<form action=\"\/zlobek\/wp-json\/wp\/v2\/pages\/23#wpcf7-f84-o1\" method=\"post\" class=\"wpcf7-form init\" enctype=\"multipart\/form-data\" novalidate=\"novalidate\" data-status=\"init\">\n<div style=\"display: none;\">\n<input type=\"hidden\" name=\"_wpcf7\" value=\"84\" \/>\n<input type=\"hidden\" name=\"_wpcf7_version\" value=\"5.5.6\" \/>\n<input type=\"hidden\" name=\"_wpcf7_locale\" value=\"pl_PL\" \/>\n<input type=\"hidden\" name=\"_wpcf7_unit_tag\" value=\"wpcf7-f84-o1\" \/>\n<input type=\"hidden\" name=\"_wpcf7_container_post\" value=\"0\" \/>\n<input type=\"hidden\" name=\"_wpcf7_posted_data_hash\" value=\"\" \/>\n<input type=\"hidden\" name=\"_wpcf7_recaptcha_response\" value=\"\" \/>\n<\/div>\n<div class=\"send\">\n<div class=\"row\">\n<div class=\"col-12\">\n<h2>Formularz zg\u0142oszeniowy<\/h2>\n<h3>Dane dziecka<\/h3>\n<div class=\"child\">\n<div class=\"row\">\n<div class=\"col-sm-4\"><label>Imi\u0119<\/label><span class=\"wpcf7-form-control-wrap child-name\"><input type=\"text\" name=\"child-name\" value=\"\" size=\"40\" class=\"wpcf7-form-control wpcf7-text wpcf7-validates-as-required\" aria-required=\"true\" aria-invalid=\"false\" \/><\/span><\/div>\n<div class=\"col-sm-4\"><label>Nazwisko<\/label><span class=\"wpcf7-form-control-wrap child-surname\"><input type=\"text\" name=\"child-surname\" value=\"\" size=\"40\" class=\"wpcf7-form-control wpcf7-text wpcf7-validates-as-required\" aria-required=\"true\" aria-invalid=\"false\" \/><\/span><\/div>\n<div class=\"col-sm-4 birth\"><label>Data urodzenia<\/label><span class=\"wpcf7-form-control-wrap child-birth\"><input type=\"date\" name=\"child-birth\" value=\"\" class=\"wpcf7-form-control wpcf7-date wpcf7-validates-as-required wpcf7-validates-as-date\" aria-required=\"true\" aria-invalid=\"false\" \/><\/span><\/div>\n<\/div>\n<\/div>\n<h3>Dane rodzic\u00f3w\/opiekun\u00f3w dziecka<\/h3>\n<\/div>\n<\/div>\n<div class=\"row\">\n<div class=\"col-sm-6\">\n<div class=\"p1\">\n        <label>Imi\u0119<\/label> <span class=\"wpcf7-form-control-wrap p1-name\"><input type=\"text\" name=\"p1-name\" value=\"\" size=\"40\" class=\"wpcf7-form-control wpcf7-text wpcf7-validates-as-required\" aria-required=\"true\" aria-invalid=\"false\" \/><\/span><br \/>\n        <label>Nazwisko<\/label> <span class=\"wpcf7-form-control-wrap p1-surname\"><input type=\"text\" name=\"p1-surname\" value=\"\" size=\"40\" class=\"wpcf7-form-control wpcf7-text wpcf7-validates-as-required\" aria-required=\"true\" aria-invalid=\"false\" \/><\/span><br \/>\n        <label>Adres zamieszkania<\/label> <span class=\"wpcf7-form-control-wrap p1-address\"><input type=\"text\" name=\"p1-address\" value=\"\" size=\"40\" class=\"wpcf7-form-control wpcf7-text wpcf7-validates-as-required\" aria-required=\"true\" aria-invalid=\"false\" \/><\/span><br \/>\n        <label>Telefon do natychmiastowego kontaktu<\/label> <span class=\"wpcf7-form-control-wrap p1-phone\"><input type=\"text\" name=\"p1-phone\" value=\"\" size=\"40\" class=\"wpcf7-form-control wpcf7-text wpcf7-validates-as-required\" aria-required=\"true\" aria-invalid=\"false\" \/><\/span><br \/>\n        <label>E-mail<\/label> <span class=\"wpcf7-form-control-wrap p1-email\"><input type=\"email\" name=\"p1-email\" value=\"\" size=\"40\" class=\"wpcf7-form-control wpcf7-text wpcf7-email wpcf7-validates-as-required wpcf7-validates-as-email\" aria-required=\"true\" aria-invalid=\"false\" \/><\/span>\n      <\/div>\n<\/div>\n<div class=\"col-sm-6\">\n<div class=\"p2\">\n        <label>Imi\u0119<\/label> <span class=\"wpcf7-form-control-wrap p2-name\"><input type=\"text\" name=\"p2-name\" value=\"\" size=\"40\" class=\"wpcf7-form-control wpcf7-text\" aria-invalid=\"false\" \/><\/span><br \/>\n        <label>Nazwisko<\/label> <span class=\"wpcf7-form-control-wrap p2-surname\"><input type=\"text\" name=\"p2-surname\" value=\"\" size=\"40\" class=\"wpcf7-form-control wpcf7-text\" aria-invalid=\"false\" \/><\/span><br \/>\n        <label>Adres zamieszkania<\/label> <span class=\"wpcf7-form-control-wrap p2-address\"><input type=\"text\" name=\"p2-address\" value=\"\" size=\"40\" class=\"wpcf7-form-control wpcf7-text\" aria-invalid=\"false\" \/><\/span><br \/>\n        <label>Telefon do natychmiastowego kontaktu<\/label> <span class=\"wpcf7-form-control-wrap p2-phone\"><input type=\"text\" name=\"p2-phone\" value=\"\" size=\"40\" class=\"wpcf7-form-control wpcf7-text\" aria-invalid=\"false\" \/><\/span><br \/>\n        <label>E-mail<\/label> <span class=\"wpcf7-form-control-wrap p2-email\"><input type=\"email\" name=\"p2-email\" value=\"\" size=\"40\" class=\"wpcf7-form-control wpcf7-text wpcf7-email wpcf7-validates-as-email\" aria-invalid=\"false\" \/><\/span>\n      <\/div>\n<\/div>\n<div class=\"col-12 additional-info\">\n<h3>Dodatkowe informacje o dziecku i rodzinie<\/h3>\n<p>      <label> Dodatkowe informacje <span class=\"wpcf7-form-control-wrap additional-info\"><textarea name=\"additional-info\" cols=\"40\" rows=\"10\" class=\"wpcf7-form-control wpcf7-textarea\" aria-invalid=\"false\"><\/textarea><\/span> <\/label><\/p>\n<h3>Informacje dotycz\u0105ce ochrony danych osobowych<\/h3>\n<p>      <span class=\"acceptance\"><span class=\"wpcf7-form-control-wrap acceptance\"><span class=\"wpcf7-form-control wpcf7-acceptance\"><span class=\"wpcf7-list-item\"><input type=\"checkbox\" name=\"acceptance\" value=\"1\" aria-invalid=\"false\" \/><\/span><\/span><\/span> Ochrona danych osobowych plac\u00f3wki prowadzona jest zgodnie z ustaw\u0105 o ochronie danych osobowych (Dz. U. z dnia 24 maja 2018 r., poz. 1000 z p\u00f3\u017an. zm.) oraz Rozporz\u0105dzeniem Parlamentu Europejskiego i Rady (UE) 2016\/679 z dnia 27 kwietnia 2016 r. w sprawie ochrony os\u00f3b fizycznych w zwi\u0105zku z przetwarzaniem danych osobowych i w sprawie swobodnego przep\u0142ywu takich danych (og\u00f3lne rozporz\u0105dzenie o ochronie danych).<\/span><\/p>\n<h3>Za\u0142\u0105czniki do zg\u0142oszenia<\/h3>\n<p>      <span class=\"wpcf7-form-control-wrap file\"><input type=\"file\" name=\"file\" size=\"40\" class=\"wpcf7-form-control wpcf7-file\" accept=\".jpg,.jpeg,.png,.gif,.pdf,.doc,.docx,.ppt,.pptx,.odt,.avi,.ogg,.m4a,.mov,.mp3,.mp4,.mpg,.wav,.wmv\" aria-invalid=\"false\" \/><\/span><br \/>\n      <span class=\"attach-desc\">np. skan dokument\u00f3w dziecka, orzeczenia itp.<\/span><\/p>\n<p>      <input type=\"submit\" value=\"Wy\u015blij\" class=\"wpcf7-form-control has-spinner wpcf7-submit\" \/>\n    <\/p><\/div>\n<\/div>\n<\/div>\n<div class=\"wpcf7-response-output\" aria-hidden=\"true\"><\/div><\/form><\/div><\/div>\n","protected":false},"excerpt":{"rendered":"<p>Rekrutacja do \u017c\u0142obka prowadzona jest przez ca\u0142y rok kalendarzowy. Je\u015bli w grupie s\u0105 wolne miejsca \u2013 Pa\u0144stwa Dziecko mo\u017ce do\u0142\u0105czy\u0107 do niej w dogodnej dla Pa\u0144stwa chwili. Zapraszamy dzieci w wieku od 6 do 36 miesi\u0119cy.<\/p>\n","protected":false},"author":1,"featured_media":0,"parent":0,"menu_order":0,"comment_status":"closed","ping_status":"closed","template":"","meta":{"footnotes":""},"class_list":["post-23","page","type-page","status-publish","hentry"],"_links":{"self":[{"href":"https:\/\/przyjaznydomek.com.pl\/zlobek\/wp-json\/wp\/v2\/pages\/23","targetHints":{"allow":["GET"]}}],"collection":[{"href":"https:\/\/przyjaznydomek.com.pl\/zlobek\/wp-json\/wp\/v2\/pages"}],"about":[{"href":"https:\/\/przyjaznydomek.com.pl\/zlobek\/wp-json\/wp\/v2\/types\/page"}],"author":[{"embeddable":true,"href":"https:\/\/przyjaznydomek.com.pl\/zlobek\/wp-json\/wp\/v2\/users\/1"}],"replies":[{"embeddable":true,"href":"https:\/\/przyjaznydomek.com.pl\/zlobek\/wp-json\/wp\/v2\/comments?post=23"}],"version-history":[{"count":3,"href":"https:\/\/przyjaznydomek.com.pl\/zlobek\/wp-json\/wp\/v2\/pages\/23\/revisions"}],"predecessor-version":[{"id":85,"href":"https:\/\/przyjaznydomek.com.pl\/zlobek\/wp-json\/wp\/v2\/pages\/23\/revisions\/85"}],"wp:attachment":[{"href":"https:\/\/przyjaznydomek.com.pl\/zlobek\/wp-json\/wp\/v2\/media?parent=23"}],"curies":[{"name":"wp","href":"https:\/\/api.w.org\/{rel}","templated":true}]}}