{"id":67,"date":"2021-09-28T00:45:50","date_gmt":"2021-09-27T22:45:50","guid":{"rendered":"https:\/\/przyjaznydomek.com.pl\/zlobek\/?page_id=67"},"modified":"2021-09-28T00:45:50","modified_gmt":"2021-09-27T22:45:50","slug":"kadra","status":"publish","type":"page","link":"https:\/\/przyjaznydomek.com.pl\/zlobek\/kadra\/","title":{"rendered":"Kadra"},"content":{"rendered":"\n<p>\u017b\u0142obek \u201ePrzyjazny Domek\u201d to przede wszystkim zesp\u00f3\u0142 wykwalifikowanych i do\u015bwiadczonych nauczycieli. Nasz zesp\u00f3\u0142 tworz\u0105 osoby pe\u0142ne energii i zapa\u0142u do pracy posiadaj\u0105ce do\u015bwiadczenie w pracy z ma\u0142ymi dzie\u0107mi, kt\u00f3re z u\u015bmiechem ka\u017cdego ranka witaj\u0105 Pa\u0144stwa pociechy. Z g\u0142owami pe\u0142nymi pomys\u0142\u00f3w organizuj\u0105 maluszkom czas wolny, ucz\u0105 nowych umiej\u0119tno\u015bci i zabaw oraz pomagaj\u0105 im odkrywa\u0107 otaczaj\u0105cy \u015bwiat. Zawsze gotowe przytuli\u0107, pocieszy\u0107, szybko przywracaj\u0105 u\u015bmiech na dzieci\u0119cej twarzy. Rodzice r\u00f3wnie\u017c mog\u0105 liczy\u0107 na ich wsparcie, ch\u0119tnie doradz\u0105 i odpowiedz\u0105 na wszystkie pytania.<\/p>\n\n\n\n<p><strong>Karolina Jasiecka \u2013 Garczy\u0144ska \u2013 opiekunka dzieci\u0119ca<\/strong><\/p>\n\n\n\n<p><strong>Edyta P\u0142ocka \u2013 Wabo\u0142 \u2013 opiekunka dzieci\u0119ca<\/strong><\/p>\n\n\n\n<p><strong>Monika Raczkowska \u2013 Dryl &#8211; opiekunka dzieci\u0119ca<\/strong><\/p>\n\n\n\n<p><strong>Emilia So\u0142owiej \u2013 opiekunka dzieci\u0119ca<\/strong><\/p>\n","protected":false},"excerpt":{"rendered":"<p>\u017b\u0142obek \u201ePrzyjazny Domek\u201d to przede wszystkim zesp\u00f3\u0142 wykwalifikowanych i do\u015bwiadczonych nauczycieli. Nasz zesp\u00f3\u0142 tworz\u0105 osoby pe\u0142ne energii i zapa\u0142u do pracy posiadaj\u0105ce do\u015bwiadczenie w pracy z ma\u0142ymi dzie\u0107mi, kt\u00f3re z u\u015bmiechem ka\u017cdego ranka witaj\u0105 Pa\u0144stwa pociechy. Z g\u0142owami pe\u0142nymi pomys\u0142\u00f3w organizuj\u0105 maluszkom czas wolny, ucz\u0105 nowych umiej\u0119tno\u015bci i zabaw oraz pomagaj\u0105 im odkrywa\u0107 otaczaj\u0105cy \u015bwiat. [&hellip;]<\/p>\n","protected":false},"author":1,"featured_media":0,"parent":0,"menu_order":0,"comment_status":"closed","ping_status":"closed","template":"","meta":{"footnotes":""},"class_list":["post-67","page","type-page","status-publish","hentry"],"_links":{"self":[{"href":"https:\/\/przyjaznydomek.com.pl\/zlobek\/wp-json\/wp\/v2\/pages\/67","targetHints":{"allow":["GET"]}}],"collection":[{"href":"https:\/\/przyjaznydomek.com.pl\/zlobek\/wp-json\/wp\/v2\/pages"}],"about":[{"href":"https:\/\/przyjaznydomek.com.pl\/zlobek\/wp-json\/wp\/v2\/types\/page"}],"author":[{"embeddable":true,"href":"https:\/\/przyjaznydomek.com.pl\/zlobek\/wp-json\/wp\/v2\/users\/1"}],"replies":[{"embeddable":true,"href":"https:\/\/przyjaznydomek.com.pl\/zlobek\/wp-json\/wp\/v2\/comments?post=67"}],"version-history":[{"count":1,"href":"https:\/\/przyjaznydomek.com.pl\/zlobek\/wp-json\/wp\/v2\/pages\/67\/revisions"}],"predecessor-version":[{"id":68,"href":"https:\/\/przyjaznydomek.com.pl\/zlobek\/wp-json\/wp\/v2\/pages\/67\/revisions\/68"}],"wp:attachment":[{"href":"https:\/\/przyjaznydomek.com.pl\/zlobek\/wp-json\/wp\/v2\/media?parent=67"}],"curies":[{"name":"wp","href":"https:\/\/api.w.org\/{rel}","templated":true}]}}